{"id":14,"date":"2023-11-02T20:46:15","date_gmt":"2023-11-02T18:46:15","guid":{"rendered":"https:\/\/hof.levindesun.de\/?page_id=14"},"modified":"2023-11-05T17:15:16","modified_gmt":"2023-11-05T15:15:16","slug":"contact","status":"publish","type":"page","link":"https:\/\/hof.levindesuenn.de\/index.php\/contact\/","title":{"rendered":"Kontakt"},"content":{"rendered":"\n<blockquote class=\"wp-block-quote is-layout-flow wp-block-quote-is-layout-flow\">\n<pre class=\"wp-block-verse\">Hans-Christian Hauschildt\nKaren Leichsenring\nPl\u00f6ner Stra\u00dfe 3\n24619 Bornh\u00f6ved\n\nTel:  +49 151 55531119\nE-Mail: <\/pre>\n<\/blockquote>\n","protected":false},"excerpt":{"rendered":"<p>Hans-Christian Hauschildt Karen Leichsenring Pl\u00f6ner Stra\u00dfe 3 24619 Bornh\u00f6ved Tel: +49 151 55531119 E-Mail:<\/p>\n","protected":false},"author":1,"featured_media":0,"parent":0,"menu_order":1,"comment_status":"closed","ping_status":"closed","template":"","meta":{"footnotes":""},"class_list":["post-14","page","type-page","status-publish","hentry"],"_links":{"self":[{"href":"https:\/\/hof.levindesuenn.de\/index.php\/wp-json\/wp\/v2\/pages\/14","targetHints":{"allow":["GET"]}}],"collection":[{"href":"https:\/\/hof.levindesuenn.de\/index.php\/wp-json\/wp\/v2\/pages"}],"about":[{"href":"https:\/\/hof.levindesuenn.de\/index.php\/wp-json\/wp\/v2\/types\/page"}],"author":[{"embeddable":true,"href":"https:\/\/hof.levindesuenn.de\/index.php\/wp-json\/wp\/v2\/users\/1"}],"replies":[{"embeddable":true,"href":"https:\/\/hof.levindesuenn.de\/index.php\/wp-json\/wp\/v2\/comments?post=14"}],"version-history":[{"count":6,"href":"https:\/\/hof.levindesuenn.de\/index.php\/wp-json\/wp\/v2\/pages\/14\/revisions"}],"predecessor-version":[{"id":287,"href":"https:\/\/hof.levindesuenn.de\/index.php\/wp-json\/wp\/v2\/pages\/14\/revisions\/287"}],"wp:attachment":[{"href":"https:\/\/hof.levindesuenn.de\/index.php\/wp-json\/wp\/v2\/media?parent=14"}],"curies":[{"name":"wp","href":"https:\/\/api.w.org\/{rel}","templated":true}]}}